{"id":774,"date":"2025-04-20T10:54:52","date_gmt":"2025-04-20T10:54:52","guid":{"rendered":"https:\/\/comse.fi\/?page_id=774"},"modified":"2025-04-20T10:55:00","modified_gmt":"2025-04-20T10:55:00","slug":"referenssi-bess-park-kuhmoinen","status":"publish","type":"page","link":"https:\/\/comse.fi\/en\/referenssi-bess-park-kuhmoinen\/","title":{"rendered":"Referenssi Bess Park, Kuhmoinen"},"content":{"rendered":"<style>.kb-row-layout-id774_0aa2c4-5f > .kt-row-column-wrap{align-content:start;}:where(.kb-row-layout-id774_0aa2c4-5f > .kt-row-column-wrap) > .wp-block-kadence-column{justify-content:start;}.kb-row-layout-id774_0aa2c4-5f > .kt-row-column-wrap{column-gap:var(--global-kb-gap-md, 2rem);row-gap:var(--global-kb-gap-md, 2rem);max-width:var( --global-content-width, 1290px );padding-left:var(--global-content-edge-padding);padding-right:var(--global-content-edge-padding);padding-top:var(--global-kb-spacing-xl, 4rem);padding-bottom:var(--global-kb-spacing-xl, 4rem);grid-template-columns:repeat(2, minmax(0, 1fr));}.kb-row-layout-id774_0aa2c4-5f > .kt-row-layout-overlay{opacity:0.30;}@media all and (max-width: 1024px){.kb-row-layout-id774_0aa2c4-5f > .kt-row-column-wrap{grid-template-columns:repeat(2, minmax(0, 1fr));}}@media all and (max-width: 767px){.kb-row-layout-id774_0aa2c4-5f > .kt-row-column-wrap{grid-template-columns:minmax(0, 1fr);}}<\/style><div class=\"kb-row-layout-wrap kb-row-layout-id774_0aa2c4-5f alignfull has-theme-palette9-background-color kt-row-has-bg wp-block-kadence-rowlayout\"><div class=\"kt-row-column-wrap kt-has-2-columns kt-row-layout-equal kt-tab-layout-inherit kt-mobile-layout-row kt-row-valign-top kb-theme-content-width\">\n<style>.kadence-column774_1ad41c-bc > .kt-inside-inner-col{min-height:480px;box-shadow:-15px 15px 0px 0px rgba(0, 0, 0, 0.2);}.kadence-column774_1ad41c-bc > .kt-inside-inner-col,.kadence-column774_1ad41c-bc > .kt-inside-inner-col:before{border-top-left-radius:0px;border-top-right-radius:0px;border-bottom-right-radius:0px;border-bottom-left-radius:0px;}.kadence-column774_1ad41c-bc > .kt-inside-inner-col{column-gap:var(--global-kb-gap-sm, 1rem);}.kadence-column774_1ad41c-bc > .kt-inside-inner-col{flex-direction:column;}.kadence-column774_1ad41c-bc > .kt-inside-inner-col > .aligncenter{width:100%;}.kadence-column774_1ad41c-bc > .kt-inside-inner-col{background-image:url('https:\/\/comse.fi\/wp-content\/uploads\/2025\/04\/Nayttokuva-2025-04-20-kello-13.53.25.png');background-size:cover;background-position:center center;background-attachment:scroll;background-repeat:no-repeat;}.kadence-column774_1ad41c-bc > .kt-inside-inner-col:before{opacity:0.3;}.kadence-column774_1ad41c-bc{position:relative;}@media all and (max-width: 1024px){.kadence-column774_1ad41c-bc > .kt-inside-inner-col{flex-direction:column;justify-content:center;}}@media all and (max-width: 767px){.kadence-column774_1ad41c-bc > .kt-inside-inner-col{flex-direction:column;justify-content:center;}}<\/style>\n<div class=\"wp-block-kadence-column kadence-column774_1ad41c-bc\"><div class=\"kt-inside-inner-col\"><\/div><\/div>\n\n\n<style>.kadence-column774_9f7e10-ff > .kt-inside-inner-col{display:flex;}.kadence-column774_9f7e10-ff > .kt-inside-inner-col{padding-right:var(--global-kb-spacing-md, 2rem);padding-left:var(--global-kb-spacing-md, 2rem);}.kadence-column774_9f7e10-ff > .kt-inside-inner-col,.kadence-column774_9f7e10-ff > .kt-inside-inner-col:before{border-top-left-radius:0px;border-top-right-radius:0px;border-bottom-right-radius:0px;border-bottom-left-radius:0px;}.kadence-column774_9f7e10-ff > .kt-inside-inner-col{column-gap:var(--global-kb-gap-sm, 1rem);}.kadence-column774_9f7e10-ff > .kt-inside-inner-col{flex-direction:column;justify-content:center;}.kadence-column774_9f7e10-ff > .kt-inside-inner-col > .aligncenter{width:100%;}.kt-row-column-wrap > .kadence-column774_9f7e10-ff{align-self:center;}.kt-inner-column-height-full:not(.kt-has-1-columns) > .wp-block-kadence-column.kadence-column774_9f7e10-ff{align-self:auto;}.kt-inner-column-height-full:not(.kt-has-1-columns) > .wp-block-kadence-column.kadence-column774_9f7e10-ff > .kt-inside-inner-col{flex-direction:column;justify-content:center;}.kadence-column774_9f7e10-ff > .kt-inside-inner-col:before{opacity:0.3;}.kadence-column774_9f7e10-ff{position:relative;}@media all and (max-width: 1024px){.kt-row-column-wrap > .kadence-column774_9f7e10-ff{align-self:center;}}@media all and (max-width: 1024px){.kt-inner-column-height-full:not(.kt-has-1-columns) > .wp-block-kadence-column.kadence-column774_9f7e10-ff{align-self:auto;}}@media all and (max-width: 1024px){.kt-inner-column-height-full:not(.kt-has-1-columns) > .wp-block-kadence-column.kadence-column774_9f7e10-ff > .kt-inside-inner-col{flex-direction:column;justify-content:center;}}@media all and (max-width: 1024px){.kadence-column774_9f7e10-ff > .kt-inside-inner-col{flex-direction:column;justify-content:center;}}@media all and (max-width: 767px){.kt-row-column-wrap > .kadence-column774_9f7e10-ff{align-self:center;}.kt-inner-column-height-full:not(.kt-has-1-columns) > .wp-block-kadence-column.kadence-column774_9f7e10-ff{align-self:auto;}.kt-inner-column-height-full:not(.kt-has-1-columns) > .wp-block-kadence-column.kadence-column774_9f7e10-ff > .kt-inside-inner-col{flex-direction:column;justify-content:center;}.kadence-column774_9f7e10-ff > .kt-inside-inner-col{flex-direction:column;justify-content:center;}}<\/style>\n<div class=\"wp-block-kadence-column kadence-column774_9f7e10-ff\"><div class=\"kt-inside-inner-col\"><style>.wp-block-kadence-advancedheading.kt-adv-heading774_6cbfbb-0f, .wp-block-kadence-advancedheading.kt-adv-heading774_6cbfbb-0f[data-kb-block=\"kb-adv-heading774_6cbfbb-0f\"]{font-size:var(--global-kb-font-size-md, 1.25rem);font-style:normal;}.wp-block-kadence-advancedheading.kt-adv-heading774_6cbfbb-0f mark.kt-highlight, .wp-block-kadence-advancedheading.kt-adv-heading774_6cbfbb-0f[data-kb-block=\"kb-adv-heading774_6cbfbb-0f\"] mark.kt-highlight{font-style:normal;color:#f76a0c;-webkit-box-decoration-break:clone;box-decoration-break:clone;padding-top:0px;padding-right:0px;padding-bottom:0px;padding-left:0px;}.wp-block-kadence-advancedheading.kt-adv-heading774_6cbfbb-0f img.kb-inline-image, .wp-block-kadence-advancedheading.kt-adv-heading774_6cbfbb-0f[data-kb-block=\"kb-adv-heading774_6cbfbb-0f\"] img.kb-inline-image{width:150px;vertical-align:baseline;}<\/style>\n<h2 class=\"kt-adv-heading774_6cbfbb-0f wp-block-kadence-advancedheading\" data-kb-block=\"kb-adv-heading774_6cbfbb-0f\">Referenssit<\/h2>\n\n\n<style>.wp-block-kadence-advancedheading.kt-adv-heading774_9fd135-3a, .wp-block-kadence-advancedheading.kt-adv-heading774_9fd135-3a[data-kb-block=\"kb-adv-heading774_9fd135-3a\"]{text-align:left;font-size:var(--global-kb-font-size-xl, 3rem);line-height:1.2;font-style:normal;}.wp-block-kadence-advancedheading.kt-adv-heading774_9fd135-3a mark.kt-highlight, .wp-block-kadence-advancedheading.kt-adv-heading774_9fd135-3a[data-kb-block=\"kb-adv-heading774_9fd135-3a\"] mark.kt-highlight{font-style:normal;color:#f76a0c;-webkit-box-decoration-break:clone;box-decoration-break:clone;padding-top:0px;padding-right:0px;padding-bottom:0px;padding-left:0px;}.wp-block-kadence-advancedheading.kt-adv-heading774_9fd135-3a img.kb-inline-image, .wp-block-kadence-advancedheading.kt-adv-heading774_9fd135-3a[data-kb-block=\"kb-adv-heading774_9fd135-3a\"] img.kb-inline-image{width:150px;vertical-align:baseline;}<\/style>\n<h2 class=\"kt-adv-heading774_9fd135-3a wp-block-kadence-advancedheading has-theme-palette-2-color has-text-color\" data-kb-block=\"kb-adv-heading774_9fd135-3a\">Bess Park, Kuhmoinen<\/h2>\n\n\n<style>.wp-block-kadence-advancedheading.kt-adv-heading774_752bb2-8d, .wp-block-kadence-advancedheading.kt-adv-heading774_752bb2-8d[data-kb-block=\"kb-adv-heading774_752bb2-8d\"]{text-align:left;font-style:normal;}.wp-block-kadence-advancedheading.kt-adv-heading774_752bb2-8d mark.kt-highlight, .wp-block-kadence-advancedheading.kt-adv-heading774_752bb2-8d[data-kb-block=\"kb-adv-heading774_752bb2-8d\"] mark.kt-highlight{font-style:normal;color:#f76a0c;-webkit-box-decoration-break:clone;box-decoration-break:clone;padding-top:0px;padding-right:0px;padding-bottom:0px;padding-left:0px;}.wp-block-kadence-advancedheading.kt-adv-heading774_752bb2-8d img.kb-inline-image, .wp-block-kadence-advancedheading.kt-adv-heading774_752bb2-8d[data-kb-block=\"kb-adv-heading774_752bb2-8d\"] img.kb-inline-image{width:150px;vertical-align:baseline;}<\/style>\n<p class=\"kt-adv-heading774_752bb2-8d wp-block-kadence-advancedheading has-theme-palette-3-color has-text-color\" data-kb-block=\"kb-adv-heading774_752bb2-8d\">Tilaaja: Palosaaren Yrityskeskus\u200b<br>Rakennusaika: 9\/2024- 10\/2024\u200b<br>\u200b<br>Kohteessa peruskorjattiin vanha 1859 rakennettu tehdaspiippu. Korjauksessa uusittiin piipun julkisivutiili\u00e4. Lis\u00e4ksi vaihdettiin piipun huoltotikkaat, hiottiin ja maalattiin sidevanteet, korjattiin piipun maadoituksia sek\u00e4 paranneltiin kannen tiivistyksi\u00e4.\u200b<br>\u200b<br>Comse Oy suoritti kohteessa rakennust\u00f6iden valvonnan.<\/p>\n\n\n<style>.wp-block-kadence-advancedbtn.kb-btns774_fd8107-78{gap:var(--global-kb-gap-xs, 0.5rem );justify-content:center;align-items:center;}.kt-btns774_fd8107-78 .kt-button{font-weight:normal;font-style:normal;}.kt-btns774_fd8107-78 .kt-btn-wrap-0{margin-right:5px;}.wp-block-kadence-advancedbtn.kt-btns774_fd8107-78 .kt-btn-wrap-0 .kt-button{color:#555555;border-color:#555555;}.wp-block-kadence-advancedbtn.kt-btns774_fd8107-78 .kt-btn-wrap-0 .kt-button:hover, .wp-block-kadence-advancedbtn.kt-btns774_fd8107-78 .kt-btn-wrap-0 .kt-button:focus{color:#ffffff;border-color:#444444;}.wp-block-kadence-advancedbtn.kt-btns774_fd8107-78 .kt-btn-wrap-0 .kt-button::before{display:none;}.wp-block-kadence-advancedbtn.kt-btns774_fd8107-78 .kt-btn-wrap-0 .kt-button:hover, .wp-block-kadence-advancedbtn.kt-btns774_fd8107-78 .kt-btn-wrap-0 .kt-button:focus{background:#444444;}<\/style>\n<div class=\"wp-block-kadence-advancedbtn kb-buttons-wrap kb-btns774_fd8107-78\"><style>ul.menu .wp-block-kadence-advancedbtn .kb-btn774_da5e27-a6.kb-button{width:initial;}.wp-block-kadence-advancedbtn .kb-btn774_da5e27-a6.kb-button{border-top-color:var(--global-palette1, #3182CE);border-top-style:solid;border-right-color:var(--global-palette1, #3182CE);border-right-style:solid;border-bottom-color:var(--global-palette1, #3182CE);border-bottom-style:solid;border-left-color:var(--global-palette1, #3182CE);border-left-style:solid;}.wp-block-kadence-advancedbtn .kb-btn774_da5e27-a6.kb-button:hover, .wp-block-kadence-advancedbtn .kb-btn774_da5e27-a6.kb-button:focus{color:var(--global-palette9, #ffffff);background:var(--global-palette1, #3182CE);border-top-color:var(--global-palette1, #3182CE);border-top-style:solid;border-right-color:var(--global-palette1, #3182CE);border-right-style:solid;border-bottom-color:var(--global-palette1, #3182CE);border-bottom-style:solid;border-left-color:var(--global-palette1, #3182CE);border-left-style:solid;}@media all and (max-width: 1024px){.wp-block-kadence-advancedbtn .kb-btn774_da5e27-a6.kb-button{border-top-color:var(--global-palette1, #3182CE);border-top-style:solid;border-right-color:var(--global-palette1, #3182CE);border-right-style:solid;border-bottom-color:var(--global-palette1, #3182CE);border-bottom-style:solid;border-left-color:var(--global-palette1, #3182CE);border-left-style:solid;}}@media all and (max-width: 1024px){.wp-block-kadence-advancedbtn .kb-btn774_da5e27-a6.kb-button:hover, .wp-block-kadence-advancedbtn .kb-btn774_da5e27-a6.kb-button:focus{border-top-color:var(--global-palette1, #3182CE);border-top-style:solid;border-right-color:var(--global-palette1, #3182CE);border-right-style:solid;border-bottom-color:var(--global-palette1, #3182CE);border-bottom-style:solid;border-left-color:var(--global-palette1, #3182CE);border-left-style:solid;}}@media all and (max-width: 767px){.wp-block-kadence-advancedbtn .kb-btn774_da5e27-a6.kb-button{border-top-color:var(--global-palette1, #3182CE);border-top-style:solid;border-right-color:var(--global-palette1, #3182CE);border-right-style:solid;border-bottom-color:var(--global-palette1, #3182CE);border-bottom-style:solid;border-left-color:var(--global-palette1, #3182CE);border-left-style:solid;}.wp-block-kadence-advancedbtn .kb-btn774_da5e27-a6.kb-button:hover, .wp-block-kadence-advancedbtn .kb-btn774_da5e27-a6.kb-button:focus{border-top-color:var(--global-palette1, #3182CE);border-top-style:solid;border-right-color:var(--global-palette1, #3182CE);border-right-style:solid;border-bottom-color:var(--global-palette1, #3182CE);border-bottom-style:solid;border-left-color:var(--global-palette1, #3182CE);border-left-style:solid;}}<\/style><a class=\"kb-button kt-button button kb-btn774_da5e27-a6 kt-btn-size-standard kt-btn-width-type-full kb-btn-global-inherit  kt-btn-has-text-true kt-btn-has-svg-false  wp-block-button__link wp-block-kadence-singlebtn\" href=\"https:\/\/comse.fi\/referenssit\/\"><span class=\"kt-btn-inner-text\">Katso kaikki referenssit<\/span><\/a><\/div>\n<\/div><\/div>\n\n<\/div><\/div>","protected":false},"excerpt":{"rendered":"<p>Referenssit Bess Park, Kuhmoinen Tilaaja: Palosaaren Yrityskeskus\u200bRakennusaika: 9\/2024- 10\/2024\u200b\u200bKohteessa peruskorjattiin vanha 1859 rakennettu tehdaspiippu. Korjauksessa uusittiin piipun julkisivutiili\u00e4. Lis\u00e4ksi vaihdettiin piipun huoltotikkaat, hiottiin ja maalattiin sidevanteet, korjattiin piipun maadoituksia sek\u00e4 paranneltiin kannen tiivistyksi\u00e4.\u200b\u200bComse Oy suoritti kohteessa rakennust\u00f6iden valvonnan.<\/p>","protected":false},"author":6,"featured_media":0,"parent":0,"menu_order":0,"comment_status":"closed","ping_status":"closed","template":"","meta":{"_kadence_starter_templates_imported_post":false,"_kad_post_transparent":"","_kad_post_title":"","_kad_post_layout":"","_kad_post_sidebar_id":"","_kad_post_content_style":"","_kad_post_vertical_padding":"","_kad_post_feature":"","_kad_post_feature_position":"","_kad_post_header":false,"_kad_post_footer":false,"_kad_post_classname":"","footnotes":""},"class_list":["post-774","page","type-page","status-publish","hentry"],"_links":{"self":[{"href":"https:\/\/comse.fi\/en\/wp-json\/wp\/v2\/pages\/774","targetHints":{"allow":["GET"]}}],"collection":[{"href":"https:\/\/comse.fi\/en\/wp-json\/wp\/v2\/pages"}],"about":[{"href":"https:\/\/comse.fi\/en\/wp-json\/wp\/v2\/types\/page"}],"author":[{"embeddable":true,"href":"https:\/\/comse.fi\/en\/wp-json\/wp\/v2\/users\/6"}],"replies":[{"embeddable":true,"href":"https:\/\/comse.fi\/en\/wp-json\/wp\/v2\/comments?post=774"}],"version-history":[{"count":2,"href":"https:\/\/comse.fi\/en\/wp-json\/wp\/v2\/pages\/774\/revisions"}],"predecessor-version":[{"id":777,"href":"https:\/\/comse.fi\/en\/wp-json\/wp\/v2\/pages\/774\/revisions\/777"}],"wp:attachment":[{"href":"https:\/\/comse.fi\/en\/wp-json\/wp\/v2\/media?parent=774"}],"curies":[{"name":"wp","href":"https:\/\/api.w.org\/{rel}","templated":true}]}}